{"id":6183,"date":"2026-01-12T18:36:55","date_gmt":"2026-01-12T18:36:55","guid":{"rendered":"https:\/\/parcgenoni.com\/declaration-daccessibilite\/"},"modified":"2026-03-03T15:33:45","modified_gmt":"2026-03-03T15:33:45","slug":"declaration-daccessibilite","status":"publish","type":"page","link":"https:\/\/parcgenoni.com\/fr\/declaration-daccessibilite\/","title":{"rendered":"D\u00e9claration d&rsquo;accessibilit\u00e9"},"content":{"rendered":"\n<h6 class=\"wp-block-heading has-text-align-center\">D\u00e9claration d&rsquo;accessibilit\u00e9 pour www.parcgenoni.com<\/h6>\n\n<p><strong>Giunone Soc Coop<\/strong> s&rsquo;engage \u00e0 garantir l&rsquo;accessibilit\u00e9 num\u00e9rique aux personnes handicap\u00e9es. Nous am\u00e9liorons continuellement l&rsquo;exp\u00e9rience utilisateur pour toutes les personnes acc\u00e9dant au site et appliquons les normes d&rsquo;accessibilit\u00e9 pertinentes. <\/p>\n\n<h6 class=\"wp-block-heading\">\u00c9tat de conformit\u00e9<\/h6>\n\n<p>Les eeb Content Accessibility Guidelines (WCAG) d\u00e9finissent les exigences pour ceux qui cr\u00e9ent et d\u00e9veloppent des sites afin d&rsquo;en am\u00e9liorer l&rsquo;accessibilit\u00e9 pour les personnes handicap\u00e9es. Elles d\u00e9finissent trois niveaux de conformit\u00e9 : le niveau A, le niveau AA et le niveau AAA. <\/p>\n\n<p><strong>Giunone Soc Coop<\/strong> s&rsquo;efforce constamment d&rsquo;am\u00e9liorer l&rsquo;accessibilit\u00e9 de son site et de ses services, convaincue qu&rsquo;il est de notre obligation morale collective de permettre une utilisation fluide, accessible et sans entrave pour les personnes handicap\u00e9es.<\/p>\n\n<p>Notre objectif est de rendre toutes les pages et tout le contenu de <strong>www.parcgenoni.com<\/strong> accessibles, mais il se peut que certains contenus ne r\u00e9pondent pas encore enti\u00e8rement aux normes d&rsquo;accessibilit\u00e9 les plus strictes. Cela peut \u00eatre d\u00fb \u00e0 des difficult\u00e9s \u00e0 trouver la solution technologique la plus appropri\u00e9e. <\/p>\n\n<p>Nous pouvons r\u00e9viser p\u00e9riodiquement la pr\u00e9sente politique pour refl\u00e9ter les am\u00e9liorations ou les changements apport\u00e9s \u00e0 nos pratiques en mati\u00e8re d&rsquo;accessibilit\u00e9.<\/p>\n\n<h6 class=\"wp-block-heading\">Retour d&rsquo;information<\/h6>\n\n<p>Nous appr\u00e9cions vos commentaires sur l&rsquo;accessibilit\u00e9 du site web de <strong>Giunone Soc Coop<\/strong>. N&rsquo;h\u00e9sitez pas \u00e0 nous faire savoir si vous rencontrez des obstacles \u00e0 l&rsquo;accessibilit\u00e9 sur notre site web : <\/p>\n\n<p>Courriel : <strong>parcgenoni@gmail.com<\/strong><\/p>\n\n<p>Nous nous effor\u00e7ons de r\u00e9pondre aux commentaires dans un d\u00e9lai de 3 \u00e0 5 jours ouvrables.<\/p>\n\n<p>Cette d\u00e9claration a \u00e9t\u00e9 cr\u00e9\u00e9e le 12\/01\/2026.  <\/p>\n","protected":false},"excerpt":{"rendered":"<p>D\u00e9claration d&rsquo;accessibilit\u00e9 pour www.parcgenoni.com Giunone Soc Coop s&rsquo;engage \u00e0 garantir l&rsquo;accessibilit\u00e9 num\u00e9rique aux personnes handicap\u00e9es. Nous am\u00e9liorons continuellement l&rsquo;exp\u00e9rience utilisateur pour toutes les personnes acc\u00e9dant au site et appliquons les [&hellip;]<\/p>\n","protected":false},"author":1,"featured_media":0,"parent":0,"menu_order":0,"comment_status":"closed","ping_status":"closed","template":"","meta":{"site-sidebar-layout":"default","site-content-layout":"","ast-site-content-layout":"default","site-content-style":"default","site-sidebar-style":"default","ast-global-header-display":"","ast-banner-title-visibility":"","ast-main-header-display":"","ast-hfb-above-header-display":"","ast-hfb-below-header-display":"","ast-hfb-mobile-header-display":"","site-post-title":"","ast-breadcrumbs-content":"","ast-featured-img":"","footer-sml-layout":"","ast-disable-related-posts":"","theme-transparent-header-meta":"","adv-header-id-meta":"","stick-header-meta":"","header-above-stick-meta":"","header-main-stick-meta":"","header-below-stick-meta":"","astra-migrate-meta-layouts":"default","ast-page-background-enabled":"default","ast-page-background-meta":{"desktop":{"background-color":"","background-image":"","background-repeat":"repeat","background-position":"center center","background-size":"auto","background-attachment":"scroll","background-type":"","background-media":"","overlay-type":"","overlay-color":"","overlay-opacity":"","overlay-gradient":""},"tablet":{"background-color":"","background-image":"","background-repeat":"repeat","background-position":"center center","background-size":"auto","background-attachment":"scroll","background-type":"","background-media":"","overlay-type":"","overlay-color":"","overlay-opacity":"","overlay-gradient":""},"mobile":{"background-color":"","background-image":"","background-repeat":"repeat","background-position":"center center","background-size":"auto","background-attachment":"scroll","background-type":"","background-media":"","overlay-type":"","overlay-color":"","overlay-opacity":"","overlay-gradient":""}},"ast-content-background-meta":{"desktop":{"background-color":"var(--ast-global-color-5)","background-image":"","background-repeat":"repeat","background-position":"center center","background-size":"auto","background-attachment":"scroll","background-type":"","background-media":"","overlay-type":"","overlay-color":"","overlay-opacity":"","overlay-gradient":""},"tablet":{"background-color":"var(--ast-global-color-5)","background-image":"","background-repeat":"repeat","background-position":"center center","background-size":"auto","background-attachment":"scroll","background-type":"","background-media":"","overlay-type":"","overlay-color":"","overlay-opacity":"","overlay-gradient":""},"mobile":{"background-color":"var(--ast-global-color-5)","background-image":"","background-repeat":"repeat","background-position":"center center","background-size":"auto","background-attachment":"scroll","background-type":"","background-media":"","overlay-type":"","overlay-color":"","overlay-opacity":"","overlay-gradient":""}},"footnotes":""},"class_list":["post-6183","page","type-page","status-publish","hentry"],"yoast_head":"<!-- This site is optimized with the Yoast SEO plugin v27.4 - https:\/\/yoast.com\/product\/yoast-seo-wordpress\/ -->\n<title>D\u00e9claration d&#039;accessibilit\u00e9 - Museo PARC<\/title>\n<meta name=\"robots\" content=\"index, follow, max-snippet:-1, max-image-preview:large, max-video-preview:-1\" \/>\n<link rel=\"canonical\" href=\"https:\/\/parcgenoni.com\/fr\/declaration-daccessibilite\/\" \/>\n<meta property=\"og:locale\" content=\"fr_FR\" \/>\n<meta property=\"og:type\" content=\"article\" \/>\n<meta property=\"og:title\" content=\"D\u00e9claration d&#039;accessibilit\u00e9 - Museo PARC\" \/>\n<meta property=\"og:description\" content=\"D\u00e9claration d&rsquo;accessibilit\u00e9 pour www.parcgenoni.com Giunone Soc Coop s&rsquo;engage \u00e0 garantir l&rsquo;accessibilit\u00e9 num\u00e9rique aux personnes handicap\u00e9es. Nous am\u00e9liorons continuellement l&rsquo;exp\u00e9rience utilisateur pour toutes les personnes acc\u00e9dant au site et appliquons les [&hellip;]\" \/>\n<meta property=\"og:url\" content=\"https:\/\/parcgenoni.com\/fr\/declaration-daccessibilite\/\" \/>\n<meta property=\"og:site_name\" content=\"Museo PARC\" \/>\n<meta property=\"article:publisher\" content=\"https:\/\/www.facebook.com\/ParcGenoniMuseoCavallinodellaGiara\" \/>\n<meta property=\"article:modified_time\" content=\"2026-03-03T15:33:45+00:00\" \/>\n<meta name=\"twitter:card\" content=\"summary_large_image\" \/>\n<meta name=\"twitter:site\" content=\"@parc_genoni\" \/>\n<meta name=\"twitter:label1\" content=\"Dur\u00e9e de lecture estim\u00e9e\" \/>\n\t<meta name=\"twitter:data1\" content=\"1 minute\" \/>\n<script type=\"application\/ld+json\" class=\"yoast-schema-graph\">{\"@context\":\"https:\\\/\\\/schema.org\",\"@graph\":[{\"@type\":\"WebPage\",\"@id\":\"https:\\\/\\\/parcgenoni.com\\\/fr\\\/declaration-daccessibilite\\\/\",\"url\":\"https:\\\/\\\/parcgenoni.com\\\/fr\\\/declaration-daccessibilite\\\/\",\"name\":\"D\u00e9claration d'accessibilit\u00e9 - Museo PARC\",\"isPartOf\":{\"@id\":\"https:\\\/\\\/parcgenoni.com\\\/fr\\\/#website\"},\"datePublished\":\"2026-01-12T18:36:55+00:00\",\"dateModified\":\"2026-03-03T15:33:45+00:00\",\"breadcrumb\":{\"@id\":\"https:\\\/\\\/parcgenoni.com\\\/fr\\\/declaration-daccessibilite\\\/#breadcrumb\"},\"inLanguage\":\"fr-FR\",\"potentialAction\":[{\"@type\":\"ReadAction\",\"target\":[\"https:\\\/\\\/parcgenoni.com\\\/fr\\\/declaration-daccessibilite\\\/\"]}]},{\"@type\":\"BreadcrumbList\",\"@id\":\"https:\\\/\\\/parcgenoni.com\\\/fr\\\/declaration-daccessibilite\\\/#breadcrumb\",\"itemListElement\":[{\"@type\":\"ListItem\",\"position\":1,\"name\":\"Home\",\"item\":\"https:\\\/\\\/parcgenoni.com\\\/fr\\\/\"},{\"@type\":\"ListItem\",\"position\":2,\"name\":\"D\u00e9claration d&rsquo;accessibilit\u00e9\"}]},{\"@type\":\"WebSite\",\"@id\":\"https:\\\/\\\/parcgenoni.com\\\/fr\\\/#website\",\"url\":\"https:\\\/\\\/parcgenoni.com\\\/fr\\\/\",\"name\":\"Museo PARC\",\"description\":\"Museo Paleontologico, archeologico e laboratorio didattico\",\"publisher\":{\"@id\":\"https:\\\/\\\/parcgenoni.com\\\/fr\\\/#organization\"},\"potentialAction\":[{\"@type\":\"SearchAction\",\"target\":{\"@type\":\"EntryPoint\",\"urlTemplate\":\"https:\\\/\\\/parcgenoni.com\\\/fr\\\/?s={search_term_string}\"},\"query-input\":{\"@type\":\"PropertyValueSpecification\",\"valueRequired\":true,\"valueName\":\"search_term_string\"}}],\"inLanguage\":\"fr-FR\"},{\"@type\":\"Organization\",\"@id\":\"https:\\\/\\\/parcgenoni.com\\\/fr\\\/#organization\",\"name\":\"GIUNONE SOC COOP\",\"url\":\"https:\\\/\\\/parcgenoni.com\\\/fr\\\/\",\"logo\":{\"@type\":\"ImageObject\",\"inLanguage\":\"fr-FR\",\"@id\":\"https:\\\/\\\/parcgenoni.com\\\/fr\\\/#\\\/schema\\\/logo\\\/image\\\/\",\"url\":\"https:\\\/\\\/parcgenoni.com\\\/wp-content\\\/uploads\\\/2023\\\/11\\\/LOGO-PARC-237-RETINA.png\",\"contentUrl\":\"https:\\\/\\\/parcgenoni.com\\\/wp-content\\\/uploads\\\/2023\\\/11\\\/LOGO-PARC-237-RETINA.png\",\"width\":237,\"height\":115,\"caption\":\"GIUNONE SOC COOP\"},\"image\":{\"@id\":\"https:\\\/\\\/parcgenoni.com\\\/fr\\\/#\\\/schema\\\/logo\\\/image\\\/\"},\"sameAs\":[\"https:\\\/\\\/www.facebook.com\\\/ParcGenoniMuseoCavallinodellaGiara\",\"https:\\\/\\\/x.com\\\/parc_genoni\",\"https:\\\/\\\/www.youtube.com\\\/user\\\/ParcGenoni\\\/\",\"https:\\\/\\\/www.instagram.com\\\/parc_museo_cavallino_giara\\\/\"]}]}<\/script>\n<!-- \/ Yoast SEO plugin. -->","yoast_head_json":{"title":"D\u00e9claration d'accessibilit\u00e9 - Museo PARC","robots":{"index":"index","follow":"follow","max-snippet":"max-snippet:-1","max-image-preview":"max-image-preview:large","max-video-preview":"max-video-preview:-1"},"canonical":"https:\/\/parcgenoni.com\/fr\/declaration-daccessibilite\/","og_locale":"fr_FR","og_type":"article","og_title":"D\u00e9claration d'accessibilit\u00e9 - Museo PARC","og_description":"D\u00e9claration d&rsquo;accessibilit\u00e9 pour www.parcgenoni.com Giunone Soc Coop s&rsquo;engage \u00e0 garantir l&rsquo;accessibilit\u00e9 num\u00e9rique aux personnes handicap\u00e9es. Nous am\u00e9liorons continuellement l&rsquo;exp\u00e9rience utilisateur pour toutes les personnes acc\u00e9dant au site et appliquons les [&hellip;]","og_url":"https:\/\/parcgenoni.com\/fr\/declaration-daccessibilite\/","og_site_name":"Museo PARC","article_publisher":"https:\/\/www.facebook.com\/ParcGenoniMuseoCavallinodellaGiara","article_modified_time":"2026-03-03T15:33:45+00:00","twitter_card":"summary_large_image","twitter_site":"@parc_genoni","twitter_misc":{"Dur\u00e9e de lecture estim\u00e9e":"1 minute"},"schema":{"@context":"https:\/\/schema.org","@graph":[{"@type":"WebPage","@id":"https:\/\/parcgenoni.com\/fr\/declaration-daccessibilite\/","url":"https:\/\/parcgenoni.com\/fr\/declaration-daccessibilite\/","name":"D\u00e9claration d'accessibilit\u00e9 - Museo PARC","isPartOf":{"@id":"https:\/\/parcgenoni.com\/fr\/#website"},"datePublished":"2026-01-12T18:36:55+00:00","dateModified":"2026-03-03T15:33:45+00:00","breadcrumb":{"@id":"https:\/\/parcgenoni.com\/fr\/declaration-daccessibilite\/#breadcrumb"},"inLanguage":"fr-FR","potentialAction":[{"@type":"ReadAction","target":["https:\/\/parcgenoni.com\/fr\/declaration-daccessibilite\/"]}]},{"@type":"BreadcrumbList","@id":"https:\/\/parcgenoni.com\/fr\/declaration-daccessibilite\/#breadcrumb","itemListElement":[{"@type":"ListItem","position":1,"name":"Home","item":"https:\/\/parcgenoni.com\/fr\/"},{"@type":"ListItem","position":2,"name":"D\u00e9claration d&rsquo;accessibilit\u00e9"}]},{"@type":"WebSite","@id":"https:\/\/parcgenoni.com\/fr\/#website","url":"https:\/\/parcgenoni.com\/fr\/","name":"Museo PARC","description":"Museo Paleontologico, archeologico e laboratorio didattico","publisher":{"@id":"https:\/\/parcgenoni.com\/fr\/#organization"},"potentialAction":[{"@type":"SearchAction","target":{"@type":"EntryPoint","urlTemplate":"https:\/\/parcgenoni.com\/fr\/?s={search_term_string}"},"query-input":{"@type":"PropertyValueSpecification","valueRequired":true,"valueName":"search_term_string"}}],"inLanguage":"fr-FR"},{"@type":"Organization","@id":"https:\/\/parcgenoni.com\/fr\/#organization","name":"GIUNONE SOC COOP","url":"https:\/\/parcgenoni.com\/fr\/","logo":{"@type":"ImageObject","inLanguage":"fr-FR","@id":"https:\/\/parcgenoni.com\/fr\/#\/schema\/logo\/image\/","url":"https:\/\/parcgenoni.com\/wp-content\/uploads\/2023\/11\/LOGO-PARC-237-RETINA.png","contentUrl":"https:\/\/parcgenoni.com\/wp-content\/uploads\/2023\/11\/LOGO-PARC-237-RETINA.png","width":237,"height":115,"caption":"GIUNONE SOC COOP"},"image":{"@id":"https:\/\/parcgenoni.com\/fr\/#\/schema\/logo\/image\/"},"sameAs":["https:\/\/www.facebook.com\/ParcGenoniMuseoCavallinodellaGiara","https:\/\/x.com\/parc_genoni","https:\/\/www.youtube.com\/user\/ParcGenoni\/","https:\/\/www.instagram.com\/parc_museo_cavallino_giara\/"]}]}},"_links":{"self":[{"href":"https:\/\/parcgenoni.com\/fr\/wp-json\/wp\/v2\/pages\/6183","targetHints":{"allow":["GET"]}}],"collection":[{"href":"https:\/\/parcgenoni.com\/fr\/wp-json\/wp\/v2\/pages"}],"about":[{"href":"https:\/\/parcgenoni.com\/fr\/wp-json\/wp\/v2\/types\/page"}],"author":[{"embeddable":true,"href":"https:\/\/parcgenoni.com\/fr\/wp-json\/wp\/v2\/users\/1"}],"replies":[{"embeddable":true,"href":"https:\/\/parcgenoni.com\/fr\/wp-json\/wp\/v2\/comments?post=6183"}],"version-history":[{"count":1,"href":"https:\/\/parcgenoni.com\/fr\/wp-json\/wp\/v2\/pages\/6183\/revisions"}],"predecessor-version":[{"id":6184,"href":"https:\/\/parcgenoni.com\/fr\/wp-json\/wp\/v2\/pages\/6183\/revisions\/6184"}],"wp:attachment":[{"href":"https:\/\/parcgenoni.com\/fr\/wp-json\/wp\/v2\/media?parent=6183"}],"curies":[{"name":"wp","href":"https:\/\/api.w.org\/{rel}","templated":true}]}}